{"id":122,"date":"2025-08-27T11:57:01","date_gmt":"2025-08-27T09:57:01","guid":{"rendered":"https:\/\/nagorepardo.com\/cookies\/"},"modified":"2025-08-27T19:41:40","modified_gmt":"2025-08-27T17:41:40","slug":"cookies","status":"publish","type":"page","link":"https:\/\/nagorepardo.com\/es\/cookies\/","title":{"rendered":"Pol\u00edtica de Cookies"},"content":{"rendered":"\n\t<section class=\"section dark\" id=\"section_73612375\">\n\t\t<div class=\"section-bg fill\" >\n\t\t\t\t\t\t\t\t\t\n\t\t\t\n\n\t\t<\/div>\n\n\t\t\n\n\t\t<div class=\"section-content relative\">\n\t\t\t\n<div class=\"row\"  id=\"row-970181250\">\n\n\t<div id=\"col-786806001\" class=\"col small-12 large-12\"  >\n\t\t\t\t<div class=\"col-inner\"  >\n\t\t\t\n\t\t\t\n<h1><strong>Pol\u00edtica de cookies<\/strong><\/h1>\n<h3><strong>Sobre esta pol\u00edtica de cookies<\/strong><\/h3>\n<p>Esta pol\u00edtica de cookies explica qu\u00e9 son las cookies y c\u00f3mo las usamos, los tipos de cookies que usamos, es decir, la informaci\u00f3n que recopilamos usando cookies y c\u00f3mo se usa esa informaci\u00f3n, y c\u00f3mo controlar las preferencias de cookies. Para obtener m\u00e1s informaci\u00f3n sobre c\u00f3mo usamos, almacenamos y mantenemos seguros sus datos personales, consulte nuestra Pol\u00edtica de privacidad.<\/p>\n<h3><strong>\u00bfQu\u00e9 son las cookies?<\/strong><\/h3>\n<p>Las cookies son peque\u00f1os archivos de texto que se utilizan para almacenar peque\u00f1os fragmentos de informaci\u00f3n. Se almacenan en su dispositivo cuando el sitio web se carga en su navegador. Estas cookies nos ayudan a hacer que el sitio web funcione correctamente, hacerlo m\u00e1s seguro, brindar una mejor experiencia al usuario, comprender c\u00f3mo funciona el sitio web y analizar qu\u00e9 funciona y d\u00f3nde necesita mejorar.<\/p>\n<h3><strong>\u00bfC\u00f3mo usamos las cookies ?<\/strong><\/h3>\n<p>Como la mayor\u00eda de los servicios en l\u00ednea, nuestro sitio web utiliza cookies propias y de terceros para varios prop\u00f3sitos. Las cookies de origen son principalmente necesarias para que el sitio web funcione correctamente y no recopilan ninguno de sus datos de identificaci\u00f3n personal.<\/p>\n<p>Las cookies de terceros que se utilizan en nuestro sitio web son principalmente para comprender c\u00f3mo funciona el sitio web, c\u00f3mo interact\u00faa con nuestro sitio web, mantener nuestros servicios seguros, proporcionar anuncios que sean relevantes para usted y, en general, brindarle un usuario mejor y mejorado. experiencia y ayude a acelerar sus interacciones futuras con nuestro sitio web.<\/p>\n<h3><strong>\u00bfQu\u00e9 tipos de cookies utilizamos?<\/strong><\/h3>\n<p><strong><i>T\u00c9CNICAS<\/i><\/strong>: algunas cookies son esenciales para que pueda experimentar la funcionalidad completa de nuestro sitio. Nos permiten mantener las sesiones de los usuarios y prevenir cualquier amenaza a la seguridad. No recopilan ni almacenan ninguna informaci\u00f3n personal. Por ejemplo, estas cookies le permiten iniciar sesi\u00f3n en su cuenta y agregar productos a su carrito y realizar el pago de forma segura.<\/p>\n<p>Cookies <i>T\u00c9CNICAS <\/i>utilizadas en esta web:[cookie_audit columns=\u00bbcookie,description,duration\u00bb category=\u00bbnecessary\u00bb style=\u00bbwinter\u00bb]\n<p><strong><i>ANAL\u00edTICAS<\/i><\/strong>: estas cookies almacenan informaci\u00f3n como el n\u00famero de visitantes al sitio web, el n\u00famero de visitantes \u00fanicos, las p\u00e1ginas del sitio web que se han visitado, la fuente de la visita, etc. Estos datos nos ayudan a comprender y analizar el rendimiento del sitio web. y donde necesita mejorar.<\/p>\n<p>Cookies <i>ANAL\u00cdTICAS <\/i>utilizadas en esta web:[cookie_audit columns=\u00bbcookie,description,duration\u00bb category=\u00bbanalytics\u00bb style=\u00bbwinter\u00bb]\n<p><strong><i>Funcionales<\/i><\/strong>: Son las cookies que ayudan a ciertas funcionalidades no esenciales en nuestro sitio web. Estas funcionalidades incluyen incrustar contenido como videos o compartir contenido del sitio web en plataformas de redes sociales.<\/p>\n<p><strong><i>Preferencias<\/i><\/strong>: estas cookies nos ayudan a almacenar su configuraci\u00f3n y preferencias de navegaci\u00f3n, como las preferencias de idioma, para que tenga una experiencia mejor y m\u00e1s eficiente en futuras visitas al sitio web.<\/p>\n<p>\u00a0<\/p>\n<p>\u00a0<\/p>\n<h3><strong>\u00bfC\u00f3mo puedo controlar las preferencias de las cookies?<\/strong><\/h3>\n<p>En cualquier momento puede cambiar o retirar su consentimiento de la Declaraci\u00f3n de cookies en nuestro sitio web.<br \/>\nObtenga m\u00e1s informaci\u00f3n sobre qui\u00e9nes somos, c\u00f3mo puede comunicarse con nosotros y c\u00f3mo procesamos los datos personales en nuestra Pol\u00edtica de privacidad.<br \/>\nSu consentimiento se aplica a los siguientes dominios: <em><strong>nagorepardo.com<\/strong><\/em><\/p>\n<p><a class=\"cky-banner-element\" href=\"#\">Cambiar mi consentimiento<\/a><\/p>\n<p>Si decide cambiar sus preferencias m\u00e1s adelante a trav\u00e9s de su sesi\u00f3n de navegaci\u00f3n, puede hacer clic en la pesta\u00f1a \u00abPol\u00edtica de privacidad y cookies\u00bb en su pantalla. Esto mostrar\u00e1 el aviso de consentimiento nuevamente, lo que le permitir\u00e1 cambiar sus preferencias o retirar su consentimiento por completo.<\/p>\n<p>Adem\u00e1s de esto, diferentes navegadores proporcionan diferentes m\u00e9todos para bloquear y eliminar las cookies utilizadas por los sitios web. Puede cambiar la configuraci\u00f3n de su navegador para bloquear \/ eliminar las cookies. Para obtener m\u00e1s informaci\u00f3n sobre c\u00f3mo administrar y eliminar cookies, visite wikipedia.org, www.allaboutcookies.org.<\/p>\n\t\t<\/div>\n\t\t\t\t\n<style>\n#col-786806001 > .col-inner {\n  padding: 50px 0px 0px 0px;\n}\n<\/style>\n\t<\/div>\n\n\t\n<\/div>\n\t\t<\/div>\n\n\t\t\n<style>\n#section_73612375 {\n  padding-top: 30px;\n  padding-bottom: 30px;\n  background-color: rgb(0,0,0);\n}\n<\/style>\n\t<\/section>\n\t\n","protected":false},"excerpt":{"rendered":"","protected":false},"author":1,"featured_media":0,"parent":0,"menu_order":0,"comment_status":"closed","ping_status":"closed","template":"page-transparent-header.php","meta":{"footnotes":""},"class_list":["post-122","page","type-page","status-publish","hentry"],"_links":{"self":[{"href":"https:\/\/nagorepardo.com\/es\/wp-json\/wp\/v2\/pages\/122","targetHints":{"allow":["GET"]}}],"collection":[{"href":"https:\/\/nagorepardo.com\/es\/wp-json\/wp\/v2\/pages"}],"about":[{"href":"https:\/\/nagorepardo.com\/es\/wp-json\/wp\/v2\/types\/page"}],"author":[{"embeddable":true,"href":"https:\/\/nagorepardo.com\/es\/wp-json\/wp\/v2\/users\/1"}],"replies":[{"embeddable":true,"href":"https:\/\/nagorepardo.com\/es\/wp-json\/wp\/v2\/comments?post=122"}],"version-history":[{"count":5,"href":"https:\/\/nagorepardo.com\/es\/wp-json\/wp\/v2\/pages\/122\/revisions"}],"predecessor-version":[{"id":166,"href":"https:\/\/nagorepardo.com\/es\/wp-json\/wp\/v2\/pages\/122\/revisions\/166"}],"wp:attachment":[{"href":"https:\/\/nagorepardo.com\/es\/wp-json\/wp\/v2\/media?parent=122"}],"curies":[{"name":"wp","href":"https:\/\/api.w.org\/{rel}","templated":true}]}}